{"id":208,"date":"2024-03-02T04:34:47","date_gmt":"2024-03-02T04:34:47","guid":{"rendered":"https:\/\/demo.bravisthemes.com\/gurus\/?page_id=208"},"modified":"2026-03-26T16:52:13","modified_gmt":"2026-03-26T16:52:13","slug":"coming-soon","status":"publish","type":"page","link":"https:\/\/aluline.wipdesign.pt\/en\/coming-soon\/","title":{"rendered":"Coming Soon"},"content":{"rendered":"<div data-elementor-type=\"wp-page\" data-elementor-id=\"208\" class=\"elementor elementor-208\" data-elementor-post-type=\"page\">\n\t\t\t\t        <section class=\"elementor-section elementor-top-section elementor-element elementor-element-1d5f382 elementor-section-full_width elementor-section-height-full elementor-section-content-middle elementor-section-height-default elementor-section-items-middle pxl-row-scroll-none pxl-zoom-point-false pxl-section-overflow-visible pxl-section-fix-none pxl-full-content-with-space-none pxl-bg-color-none pxl-section-overlay-none\" data-id=\"1d5f382\" data-element_type=\"section\" data-e-type=\"section\" data-settings=\"{&quot;background_background&quot;:&quot;classic&quot;}\">\n\n                            <div class=\"elementor-background-overlay\"><\/div>\n            \n                <div class=\"elementor-container elementor-column-gap-default\">\n                <div class=\"elementor-column elementor-col-100 elementor-top-column elementor-element elementor-element-32eab8c pxl-column-none pxl-column-overflow-hidden-no\" data-id=\"32eab8c\" data-element_type=\"column\" data-e-type=\"column\">\r\n        <div class=\"elementor-widget-wrap elementor-element-populated\">\r\n                     \r\n        \t\t<div class=\"elementor-element elementor-element-7bd900c elementor-widget elementor-widget-pxl_heading\" data-id=\"7bd900c\" data-element_type=\"widget\" data-e-type=\"widget\" data-widget_type=\"pxl_heading.default\">\n\t\t\t\t<div class=\"elementor-widget-container\">\n\t\t\t\t\t\n<div id=\"pxl-pxl_heading-7bd900c-9719\" class=\"pxl-heading\" >\n\t<div class=\"pxl-heading--container\" >\n\t\t<div class=\"pxl-heading--inner\">\n\t\t\t\t\t\t\t<div class=\"pxl-item--subtitle\" data-wow-delay=\"ms\">\n\t\t\t\t\t<span class=\"pxl-item--subtext h6\">\n\t\t\t\t\t\tO NOSSO SITE EST\u00c1 EM CONSTRU\u00c7\u00c3O\t\t\t\t\t<\/span>\n\t\t\t\t<\/div>\n\t\t\t\t\t\t\t\t\t<h1 class=\"pxl-item--title pxl-heading-custom\" data-wow-delay=\"ms\">\n\t\t\t\tBrevemente\t\t\t\t\t\n\t\t\t\t\t\t\t<\/h1>\n\t\t<\/div>\n\t\t\n\t<\/div>\n<\/div>\n\t\t\t\t<\/div>\n\t\t\t\t<\/div>\n\t\t\t\t<div class=\"elementor-element elementor-element-348c742 elementor-widget elementor-widget-pxl_countdown\" data-id=\"348c742\" data-element_type=\"widget\" data-e-type=\"widget\" data-widget_type=\"pxl_countdown.default\">\n\t\t\t\t<div class=\"elementor-widget-container\">\n\t\t\t\t\t<div class=\"pxl-countdown-wrap\">\r\n\t<div class=\"pxl-countdown pxl-countdown-layout1 style1\" \r\n\t\tdata-month=\"Month\"\r\n\t\tdata-months=\"Months\"\r\n\t\tdata-day=\"DAYS\"\r\n\t\tdata-days=\"DAYS\"\r\n\t\tdata-hour=\"HOURS\"\r\n\t\tdata-hours=\"HOURS\"\r\n\t\tdata-minute=\"MINS\"\r\n\t\tdata-minutes=\"MINS\"\r\n\t\tdata-second=\"SEC\"\r\n\t\tdata-seconds=\"SEC\" data-wow-delay=\"ms\">\r\n\t\t<div class=\"pxl-countdown-inner\" data-count-down=\"2027\/03\/26\"><\/div>\r\n\t<\/div>\r\n<\/div>\t\t\t\t<\/div>\n\t\t\t\t<\/div>\n\t\t\t\t<div class=\"elementor-element elementor-element-2115323 elementor-widget elementor-widget-pxl_contact_form\" data-id=\"2115323\" data-element_type=\"widget\" data-e-type=\"widget\" data-widget_type=\"pxl_contact_form.default\">\n\t\t\t\t<div class=\"elementor-widget-container\">\n\t\t\t\t\t    <div class=\"pxl-contact-form pxl-contact-form1\" data-wow-delay=\"ms\">\r\n        \n<div class=\"wpcf7 no-js\" id=\"wpcf7-f14732-o1\" lang=\"en-US\" dir=\"ltr\" data-wpcf7-id=\"14732\">\n<div class=\"screen-reader-response\"><p role=\"status\" aria-live=\"polite\" aria-atomic=\"true\"><\/p> <ul><\/ul><\/div>\n<form action=\"\/en\/wp-json\/wp\/v2\/pages\/208#wpcf7-f14732-o1\" method=\"post\" class=\"wpcf7-form init\" aria-label=\"Contact form\" novalidate=\"novalidate\" data-status=\"init\" data-trp-original-action=\"\/en\/wp-json\/wp\/v2\/pages\/208#wpcf7-f14732-o1\">\n<fieldset class=\"hidden-fields-container\"><input type=\"hidden\" name=\"_wpcf7\" value=\"14732\" \/><input type=\"hidden\" name=\"_wpcf7_version\" value=\"6.1.6\" \/><input type=\"hidden\" name=\"_wpcf7_locale\" value=\"en_US\" \/><input type=\"hidden\" name=\"_wpcf7_unit_tag\" value=\"wpcf7-f14732-o1\" \/><input type=\"hidden\" name=\"_wpcf7_container_post\" value=\"0\" \/><input type=\"hidden\" name=\"_wpcf7_posted_data_hash\" value=\"\" \/>\n<\/fieldset>\n<div class=\"pxl-newsletter pxl-layout-3\">\n\t<p><span class=\"wpcf7-form-control-wrap\" data-name=\"your-email\"><input size=\"40\" maxlength=\"400\" class=\"wpcf7-form-control wpcf7-email wpcf7-validates-as-required wpcf7-text wpcf7-validates-as-email pxl-p3\" autocomplete=\"email\" aria-required=\"true\" aria-invalid=\"false\" placeholder=\"Enter Address here\" value=\"\" type=\"email\" name=\"your-email\" \/><\/span><br \/>\n<button type=\"submit\" class=\"btn btn-submit pxl-white h6 pxl-btn-default pxl-hover-default pxl-btn-normal\"><span class=\"pxl-btn--text\">Send<\/span><i class=\"pxl-icon--default flaticon flaticon-up-right-arrow\"><\/i><\/button>\n\t<\/p>\n<\/div><div class=\"wpcf7-response-output\" aria-hidden=\"true\"><\/div>\n<input type=\"hidden\" name=\"trp-form-language\" value=\"en\"\/><\/form>\n<\/div>\n                    <div class=\"pxl-form-loader light\">\r\n                <div class=\"bar1\"><\/div>\r\n                <div class=\"bar2\"><\/div>\r\n                <div class=\"bar3\"><\/div>\r\n                <div class=\"bar4\"><\/div>\r\n                <div class=\"bar5\"><\/div>\r\n                <div class=\"bar6\"><\/div>\r\n                <div class=\"bar7\"><\/div>\r\n                <div class=\"bar8\"><\/div>\r\n                <div class=\"bar9\"><\/div>\r\n                <div class=\"bar10\"><\/div>\r\n                <div class=\"bar11\"><\/div>\r\n                <div class=\"bar12\"><\/div>\r\n            <\/div>\r\n            <\/div>\r\n\t\t\t\t<\/div>\n\t\t\t\t<\/div>\n\t\t            <\/div>\r\n        <\/div>\r\n        \t\t\t<\/div>\n\t\t<\/section>\n\t\t\t\t<\/div>","protected":false},"excerpt":{"rendered":"<p>O NOSSO SITE EST\u00c1 EM CONSTRU\u00c7\u00c3O Brevemente Send<\/p>","protected":false},"author":1,"featured_media":0,"parent":0,"menu_order":0,"comment_status":"closed","ping_status":"closed","template":"","meta":{"footnotes":""},"class_list":["post-208","page","type-page","status-publish","hentry"],"_links":{"self":[{"href":"https:\/\/aluline.wipdesign.pt\/en\/wp-json\/wp\/v2\/pages\/208","targetHints":{"allow":["GET"]}}],"collection":[{"href":"https:\/\/aluline.wipdesign.pt\/en\/wp-json\/wp\/v2\/pages"}],"about":[{"href":"https:\/\/aluline.wipdesign.pt\/en\/wp-json\/wp\/v2\/types\/page"}],"author":[{"embeddable":true,"href":"https:\/\/aluline.wipdesign.pt\/en\/wp-json\/wp\/v2\/users\/1"}],"replies":[{"embeddable":true,"href":"https:\/\/aluline.wipdesign.pt\/en\/wp-json\/wp\/v2\/comments?post=208"}],"version-history":[{"count":7,"href":"https:\/\/aluline.wipdesign.pt\/en\/wp-json\/wp\/v2\/pages\/208\/revisions"}],"predecessor-version":[{"id":25017,"href":"https:\/\/aluline.wipdesign.pt\/en\/wp-json\/wp\/v2\/pages\/208\/revisions\/25017"}],"wp:attachment":[{"href":"https:\/\/aluline.wipdesign.pt\/en\/wp-json\/wp\/v2\/media?parent=208"}],"curies":[{"name":"wp","href":"https:\/\/api.w.org\/{rel}","templated":true}]}}